{"id":844,"date":"2025-07-22T09:41:42","date_gmt":"2025-07-22T14:41:42","guid":{"rendered":"https:\/\/educacioncontinua-americancollege.edu.ec\/?post_type=product&#038;p=844"},"modified":"2026-02-02T11:13:47","modified_gmt":"2026-02-02T16:13:47","slug":"negociaciones-internacionales","status":"publish","type":"product","link":"https:\/\/educacioncontinua-americancollege.edu.ec\/en\/product\/negociaciones-internacionales\/","title":{"rendered":"Negociaciones Internacionales"},"content":{"rendered":"<p>Formar a los participantes en las competencias necesarias para planificar, ejecutar y cerrar negociaciones internacionales, integrando aspectos interculturales, legales y estrat\u00e9gicos para lograr acuerdos beneficiosos y sostenibles.<\/p>\n<p><strong>\u00bfQu\u00e9 aprender\u00e1s en este curso?<\/strong><br \/>\n\u2022\tIdentificar las fases y estilos de negociaci\u00f3n en contextos internacionales.<br \/>\n\u2022\tAnalizar el impacto de las diferencias culturales en la negociaci\u00f3n.<br \/>\n\u2022\tDesarrollar estrategias y t\u00e1cticas efectivas para negociaciones globales.<br \/>\n\u2022\tManejar conflictos y generar consensos en negociaciones complejas.<br \/>\n\u2022\tAplicar herramientas legales y \u00e9ticas en la negociaci\u00f3n internacional.<\/p>\n<p><strong>TEMARIO DEL CURSO<\/strong><br \/>\nFUNDAMENTOS DE LA NEGOCIACI\u00d3N | NEGOCIACIONES INTERCULTURALES | ESTRATEGIAS Y T\u00c1CTICAS | RESOLUCI\u00d3N DE CONFLICTOS | ASPECTOS LEGALES Y \u00c9TICOS<\/p>","protected":false},"excerpt":{"rendered":"<div style=\"text-align: justify;\">\n<p>\n    El curso est\u00e1 dise\u00f1ado para profesionales y estudiantes interesados en adquirir habilidades y conocimientos necesarios para llevar a cabo negociaciones efectivas en el \u00e1mbito global. A trav\u00e9s de un enfoque te\u00f3rico-pr\u00e1ctico, se abordan estrategias, t\u00e9cnicas y aspectos culturales que influyen en la comunicaci\u00f3n y toma de decisiones en escenarios internacionales.\n  <\/p>\n<p>\n    En un mundo cada vez m\u00e1s interconectado, dominar las negociaciones internacionales es clave para establecer relaciones comerciales, diplom\u00e1ticas y estrat\u00e9gicas exitosas.\n  <\/p>\n<\/div>","protected":false},"featured_media":849,"comment_status":"open","ping_status":"closed","template":"","meta":[],"product_brand":[],"product_cat":[31],"product_tag":[],"class_list":{"0":"post-844","1":"product","2":"type-product","3":"status-publish","4":"has-post-thumbnail","6":"product_cat-cursos","8":"first","9":"instock","10":"sale","11":"virtual","12":"purchasable","13":"product-type-simple"},"_links":{"self":[{"href":"https:\/\/educacioncontinua-americancollege.edu.ec\/en\/wp-json\/wp\/v2\/product\/844","targetHints":{"allow":["GET"]}}],"collection":[{"href":"https:\/\/educacioncontinua-americancollege.edu.ec\/en\/wp-json\/wp\/v2\/product"}],"about":[{"href":"https:\/\/educacioncontinua-americancollege.edu.ec\/en\/wp-json\/wp\/v2\/types\/product"}],"replies":[{"embeddable":true,"href":"https:\/\/educacioncontinua-americancollege.edu.ec\/en\/wp-json\/wp\/v2\/comments?post=844"}],"wp:featuredmedia":[{"embeddable":true,"href":"https:\/\/educacioncontinua-americancollege.edu.ec\/en\/wp-json\/wp\/v2\/media\/849"}],"wp:attachment":[{"href":"https:\/\/educacioncontinua-americancollege.edu.ec\/en\/wp-json\/wp\/v2\/media?parent=844"}],"wp:term":[{"taxonomy":"product_brand","embeddable":true,"href":"https:\/\/educacioncontinua-americancollege.edu.ec\/en\/wp-json\/wp\/v2\/product_brand?post=844"},{"taxonomy":"product_cat","embeddable":true,"href":"https:\/\/educacioncontinua-americancollege.edu.ec\/en\/wp-json\/wp\/v2\/product_cat?post=844"},{"taxonomy":"product_tag","embeddable":true,"href":"https:\/\/educacioncontinua-americancollege.edu.ec\/en\/wp-json\/wp\/v2\/product_tag?post=844"}],"curies":[{"name":"wp","href":"https:\/\/api.w.org\/{rel}","templated":true}]}}