{"id":68,"date":"2020-03-13T10:27:32","date_gmt":"2020-03-13T10:27:32","guid":{"rendered":"https:\/\/startersites.io\/blocksy\/modern-shop\/?post_type=product&#038;p=68"},"modified":"2026-02-02T11:17:25","modified_gmt":"2026-02-02T16:17:25","slug":"eleifend-donec-pretium-vulputate-sapien-sagittis","status":"publish","type":"product","link":"https:\/\/educacioncontinua-americancollege.edu.ec\/en\/product\/eleifend-donec-pretium-vulputate-sapien-sagittis\/","title":{"rendered":"Excel Intermedio \u2013 Avanzado"},"content":{"rendered":"<p>Capacitar a los participantes en el uso avanzado de Microsoft Excel, proporcionando las herramientas y t\u00e9cnicas necesarias para realizar an\u00e1lisis de datos avanzados, automatizaci\u00f3n de tareas y gesti\u00f3n eficiente de informaci\u00f3n.<\/p>\n<p><strong>\u00bfQu\u00e9 aprender\u00e1s en este curso?<\/strong><\/p>\n<ul>\n<li>Aplicar f\u00f3rmulas y funciones avanzadas para el an\u00e1lisis de datos.<\/li>\n<li>Crear y gestionar tablas din\u00e1micas y gr\u00e1ficos interactivos.<\/li>\n<li>Automatizar procesos repetitivos mediante el uso de macros.<\/li>\n<li>Utilizar herramientas de an\u00e1lisis como el Solver y la b\u00fasqueda de objetivos para optimizar la toma de decisiones.<\/li>\n<li>Gestionar bases de datos complejas y filtrar grandes vol\u00famenes de informaci\u00f3n.<\/li>\n<\/ul>\n<p><strong>TEMARIO DEL CURSO<\/strong><\/p>","protected":false},"excerpt":{"rendered":"<div style=\"text-align: center;\"><iframe loading=\"lazy\" title=\"YouTube video player\" src=\"https:\/\/www.youtube.com\/embed\/7GEoo3_cme8?si=2jpyQoKs4LEGpK1i\" width=\"560\" height=\"315\" frameborder=\"0\" allowfullscreen=\"allowfullscreen\"><\/iframe><\/div>\n<div style=\"text-align: justify;\">\n<p>El <strong>Curso Excel Intermedio-Avanzado<\/strong> est\u00e1 dise\u00f1ado para aquellos usuarios que ya tienen conocimientos b\u00e1sicos de Microsoft Excel y desean llevar sus habilidades al siguiente nivel. Este curso se enfoca en las herramientas y funciones avanzadas de Excel, que permiten optimizar el an\u00e1lisis de datos, automatizar tareas y gestionar grandes vol\u00famenes de informaci\u00f3n de manera eficiente.<\/p>\n<p>Los participantes aprender\u00e1n a utilizar f\u00f3rmulas complejas, tablas din\u00e1micas, gr\u00e1ficos avanzados y macros, con el objetivo de mejorar la productividad y la toma de decisiones basadas en datos.<\/p>\n<\/div>","protected":false},"featured_media":712,"comment_status":"open","ping_status":"closed","template":"","meta":[],"product_brand":[],"product_cat":[31],"product_tag":[],"class_list":{"0":"post-68","1":"product","2":"type-product","3":"status-publish","4":"has-post-thumbnail","6":"product_cat-cursos","8":"first","9":"instock","10":"sale","11":"purchasable","12":"product-type-simple"},"_links":{"self":[{"href":"https:\/\/educacioncontinua-americancollege.edu.ec\/en\/wp-json\/wp\/v2\/product\/68","targetHints":{"allow":["GET"]}}],"collection":[{"href":"https:\/\/educacioncontinua-americancollege.edu.ec\/en\/wp-json\/wp\/v2\/product"}],"about":[{"href":"https:\/\/educacioncontinua-americancollege.edu.ec\/en\/wp-json\/wp\/v2\/types\/product"}],"replies":[{"embeddable":true,"href":"https:\/\/educacioncontinua-americancollege.edu.ec\/en\/wp-json\/wp\/v2\/comments?post=68"}],"wp:featuredmedia":[{"embeddable":true,"href":"https:\/\/educacioncontinua-americancollege.edu.ec\/en\/wp-json\/wp\/v2\/media\/712"}],"wp:attachment":[{"href":"https:\/\/educacioncontinua-americancollege.edu.ec\/en\/wp-json\/wp\/v2\/media?parent=68"}],"wp:term":[{"taxonomy":"product_brand","embeddable":true,"href":"https:\/\/educacioncontinua-americancollege.edu.ec\/en\/wp-json\/wp\/v2\/product_brand?post=68"},{"taxonomy":"product_cat","embeddable":true,"href":"https:\/\/educacioncontinua-americancollege.edu.ec\/en\/wp-json\/wp\/v2\/product_cat?post=68"},{"taxonomy":"product_tag","embeddable":true,"href":"https:\/\/educacioncontinua-americancollege.edu.ec\/en\/wp-json\/wp\/v2\/product_tag?post=68"}],"curies":[{"name":"wp","href":"https:\/\/api.w.org\/{rel}","templated":true}]}}