{"id":66,"date":"2020-03-13T10:24:27","date_gmt":"2020-03-13T10:24:27","guid":{"rendered":"https:\/\/startersites.io\/blocksy\/modern-shop\/?post_type=product&#038;p=66"},"modified":"2026-02-02T11:15:33","modified_gmt":"2026-02-02T16:15:33","slug":"aturna-condimentum-mattis-pellentesque-nibh-tortor","status":"publish","type":"product","link":"https:\/\/educacioncontinua-americancollege.edu.ec\/en\/product\/aturna-condimentum-mattis-pellentesque-nibh-tortor\/","title":{"rendered":"Curso Cuidado del Adulto Mayor"},"content":{"rendered":"<p>Nuestro objetivo es formar profesionales competentes en la atenci\u00f3n integral de personas mayores, capacit\u00e1ndolos para ofrecer cuidados personalizados que favorezcan una mejor calidad de vida y fomenten el envejecimiento activo.<\/p>\n<p><strong>\u00bfQu\u00e9 aprender\u00e1s en este curso?<\/strong><\/p>\n<ul>\n<li>Reconocer las principales caracter\u00edsticas del envejecimiento y sus implicaciones.<\/li>\n<li>Adquirir herramientas para el cuidado f\u00edsico, emocional y psicol\u00f3gico del adulto mayor.<\/li>\n<li>Desarrollar estrategias para promover la autonom\u00eda y el bienestar en personas mayores.<\/li>\n<li>Identificar las enfermedades cr\u00f3nicas y trastornos m\u00e1s comunes en la vejez y su tratamiento.<\/li>\n<li>Fomentar la comunicaci\u00f3n efectiva y el trato digno hacia las personas mayores.<\/li>\n<\/ul>\n<p><strong>TEMARIO DEL CURSO<\/strong><\/p>\n<p>60 Horas de duraci\u00f3n<\/p>\n<p>CUIDADOS DEL ADULTO MAYOR\u00a0 |\u00a0 VALORACI\u00d3N M\u00c9DICA DEL ADULTO MAYOR\u00a0 |\u00a0 DIET\u00c9TICA Y NUTRICI\u00d3N DEL ADULTO MAYOR\u00a0 |\u00a0 PSICOLOG\u00cdA EN EL ADULTO MAYOR\u00a0 |\u00a0 RECREACI\u00d3N EN EL ADULTO MAYOR<\/p>","protected":false},"excerpt":{"rendered":"<div style=\"text-align: center;\"><iframe loading=\"lazy\" title=\"YouTube video player\" src=\"https:\/\/www.youtube.com\/embed\/F7ZoPSlwARE?si=jqrrkgU6PtWkNVnE\" width=\"560\" height=\"315\" frameborder=\"0\" allowfullscreen=\"allowfullscreen\"><\/iframe><\/div>\n<div style=\"text-align: justify;\">\n<p>El curso de <strong>Cuidado Integral del Adulto Mayor<\/strong> est\u00e1 dise\u00f1ado para proporcionar a los participantes los conocimientos y habilidades necesarios para brindar una atenci\u00f3n hol\u00edstica y de calidad a las personas mayores. A lo largo de este curso, se explorar\u00e1n las necesidades f\u00edsicas, emocionales, psicol\u00f3gicas y sociales del adulto mayor, abordando los desaf\u00edos espec\u00edficos relacionados con el envejecimiento.<\/p>\n<p>Los estudiantes aprender\u00e1n sobre las enfermedades m\u00e1s comunes en esta etapa de la vida, as\u00ed como las estrategias para promover el bienestar y la autonom\u00eda de las personas mayores, garantizando un envejecimiento digno y saludable.<\/p>\n<\/div>","protected":false},"featured_media":715,"comment_status":"open","ping_status":"closed","template":"","meta":[],"product_brand":[],"product_cat":[31],"product_tag":[],"class_list":{"0":"post-66","1":"product","2":"type-product","3":"status-publish","4":"has-post-thumbnail","6":"product_cat-cursos","8":"first","9":"instock","10":"sale","11":"purchasable","12":"product-type-simple"},"_links":{"self":[{"href":"https:\/\/educacioncontinua-americancollege.edu.ec\/en\/wp-json\/wp\/v2\/product\/66","targetHints":{"allow":["GET"]}}],"collection":[{"href":"https:\/\/educacioncontinua-americancollege.edu.ec\/en\/wp-json\/wp\/v2\/product"}],"about":[{"href":"https:\/\/educacioncontinua-americancollege.edu.ec\/en\/wp-json\/wp\/v2\/types\/product"}],"replies":[{"embeddable":true,"href":"https:\/\/educacioncontinua-americancollege.edu.ec\/en\/wp-json\/wp\/v2\/comments?post=66"}],"wp:featuredmedia":[{"embeddable":true,"href":"https:\/\/educacioncontinua-americancollege.edu.ec\/en\/wp-json\/wp\/v2\/media\/715"}],"wp:attachment":[{"href":"https:\/\/educacioncontinua-americancollege.edu.ec\/en\/wp-json\/wp\/v2\/media?parent=66"}],"wp:term":[{"taxonomy":"product_brand","embeddable":true,"href":"https:\/\/educacioncontinua-americancollege.edu.ec\/en\/wp-json\/wp\/v2\/product_brand?post=66"},{"taxonomy":"product_cat","embeddable":true,"href":"https:\/\/educacioncontinua-americancollege.edu.ec\/en\/wp-json\/wp\/v2\/product_cat?post=66"},{"taxonomy":"product_tag","embeddable":true,"href":"https:\/\/educacioncontinua-americancollege.edu.ec\/en\/wp-json\/wp\/v2\/product_tag?post=66"}],"curies":[{"name":"wp","href":"https:\/\/api.w.org\/{rel}","templated":true}]}}