{"id":64,"date":"2020-03-13T10:16:57","date_gmt":"2020-03-13T10:16:57","guid":{"rendered":"https:\/\/startersites.io\/blocksy\/modern-shop\/?post_type=product&#038;p=64"},"modified":"2026-02-02T11:18:54","modified_gmt":"2026-02-02T16:18:54","slug":"mollis-nunc-sed-id-semper-risus-in-hendrerit","status":"publish","type":"product","link":"https:\/\/educacioncontinua-americancollege.edu.ec\/en\/product\/mollis-nunc-sed-id-semper-risus-in-hendrerit\/","title":{"rendered":"Ingles A2"},"content":{"rendered":"<p>Desarrollar las habilidades comunicativas de los estudiantes para que puedan interactuar de manera efectiva en situaciones cotidianas m\u00e1s amplias, tanto en forma oral como escrita, utilizando estructuras gramaticales m\u00e1s avanzadas y vocabulario variado.<\/p>\n<p><strong>\u00bfQu\u00e9 aprender\u00e1s en este curso?<\/strong><\/p>\n<ul>\n<li>Mejorar la capacidad de los estudiantes para hablar y escribir sobre experiencias pasadas, situaciones actuales y planes futuros.<\/li>\n<li>Ampliar el vocabulario para describir lugares, personas y actividades cotidianas de forma m\u00e1s detallada.<\/li>\n<li>Introducir estructuras gramaticales m\u00e1s complejas como el pasado simple, el futuro simple y las preposiciones de tiempo y lugar.<\/li>\n<li>Desarrollar la comprensi\u00f3n de textos m\u00e1s extensos y di\u00e1logos m\u00e1s complejos.<\/li>\n<li>Fomentar la participaci\u00f3n en conversaciones sobre temas personales y cotidianos con mayor fluidez.<\/li>\n<\/ul>\n<p><strong>TEMARIO DEL CURSO<\/strong><\/p>\n<p>PRESENT SIMPLE TENSE\u00a0 |\u00a0 FREQUENCY ADVERBS\u00a0 |\u00a0 COMPARATIVE AND SUPERLATIVE ADJECTIVES\u00a0 |\u00a0 COUNTABLE AND UNCOUNTABLE NOUNS\u00a0 |\u00a0 PAST SIMPLE\u00a0 |\u00a0 PAST CONTINOUS<\/p>","protected":false},"excerpt":{"rendered":"<p>El Curso de Ingl\u00e9s A2 est\u00e1 dirigido a estudiantes que ya poseen un nivel b\u00e1sico de ingl\u00e9s y desean mejorar sus habilidades comunicativas. En este curso, se ampliar\u00e1n los conocimientos gramaticales, el vocabulario y las expresiones para interactuar en una mayor variedad de situaciones cotidianas.<\/p>\n<p>El objetivo es que los estudiantes sean capaces de comunicarse de manera m\u00e1s fluida y espont\u00e1nea sobre temas familiares, describir experiencias pasadas y expresar planes o intenciones futuras. El curso tambi\u00e9n incluye pr\u00e1cticas de lectura y escritura, enfocadas en textos m\u00e1s detallados y conversaciones m\u00e1s complejas que en el nivel A1.<\/p>","protected":false},"featured_media":716,"comment_status":"open","ping_status":"closed","template":"","meta":[],"product_brand":[],"product_cat":[31],"product_tag":[],"class_list":{"0":"post-64","1":"product","2":"type-product","3":"status-publish","4":"has-post-thumbnail","6":"product_cat-cursos","8":"first","9":"instock","10":"sale","11":"purchasable","12":"product-type-simple"},"_links":{"self":[{"href":"https:\/\/educacioncontinua-americancollege.edu.ec\/en\/wp-json\/wp\/v2\/product\/64","targetHints":{"allow":["GET"]}}],"collection":[{"href":"https:\/\/educacioncontinua-americancollege.edu.ec\/en\/wp-json\/wp\/v2\/product"}],"about":[{"href":"https:\/\/educacioncontinua-americancollege.edu.ec\/en\/wp-json\/wp\/v2\/types\/product"}],"replies":[{"embeddable":true,"href":"https:\/\/educacioncontinua-americancollege.edu.ec\/en\/wp-json\/wp\/v2\/comments?post=64"}],"wp:featuredmedia":[{"embeddable":true,"href":"https:\/\/educacioncontinua-americancollege.edu.ec\/en\/wp-json\/wp\/v2\/media\/716"}],"wp:attachment":[{"href":"https:\/\/educacioncontinua-americancollege.edu.ec\/en\/wp-json\/wp\/v2\/media?parent=64"}],"wp:term":[{"taxonomy":"product_brand","embeddable":true,"href":"https:\/\/educacioncontinua-americancollege.edu.ec\/en\/wp-json\/wp\/v2\/product_brand?post=64"},{"taxonomy":"product_cat","embeddable":true,"href":"https:\/\/educacioncontinua-americancollege.edu.ec\/en\/wp-json\/wp\/v2\/product_cat?post=64"},{"taxonomy":"product_tag","embeddable":true,"href":"https:\/\/educacioncontinua-americancollege.edu.ec\/en\/wp-json\/wp\/v2\/product_tag?post=64"}],"curies":[{"name":"wp","href":"https:\/\/api.w.org\/{rel}","templated":true}]}}