{"id":57,"date":"2020-03-13T10:07:44","date_gmt":"2020-03-13T10:07:44","guid":{"rendered":"https:\/\/startersites.io\/blocksy\/modern-shop\/?post_type=product&#038;p=57"},"modified":"2026-02-02T10:56:48","modified_gmt":"2026-02-02T15:56:48","slug":"fringilla-phasellus-faucus-scelerisque-eleifend-donec","status":"publish","type":"product","link":"https:\/\/educacioncontinua-americancollege.edu.ec\/en\/product\/fringilla-phasellus-faucus-scelerisque-eleifend-donec\/","title":{"rendered":"Curso Ingles A1"},"content":{"rendered":"<p>Brindar a los estudiantes los conocimientos y habilidades b\u00e1sicas para que puedan comunicarse de manera efectiva en situaciones simples y cotidianas en ingl\u00e9s.<\/p>\n<p><strong>\u00bfQu\u00e9 aprender\u00e1s en este curso?<\/strong><\/p>\n<ul>\n<li>Familiarizar a los estudiantes con el alfabeto y los sonidos del idioma ingl\u00e9s.<\/li>\n<li>Ense\u00f1ar a los estudiantes a presentarse y a otros, y a preguntar y responder preguntas personales.<\/li>\n<li>Desarrollar la capacidad de realizar interacciones b\u00e1sicas en ingl\u00e9s en contextos cotidianos.<\/li>\n<li>Adquirir vocabulario y expresiones \u00fatiles para actividades comunes como compras, comida, y direcciones.<\/li>\n<li>Mejorar las habilidades de lectura y escritura de frases simples y cortas.<\/li>\n<\/ul>\n<p><strong>TEMARIO DEL CURSO<\/strong><\/p>\n<p>PRONUNS\u00a0 |\u00a0 TO BE TENSE\u00a0 |\u00a0 PRESENT SIMPLE TENSE\u00a0 |\u00a0 PAST SIMPLE TENSE\u00a0 |\u00a0 ROUTINES\u00a0 |\u00a0 QUANTIFIERS<\/p>","protected":false},"excerpt":{"rendered":"<div style=\"text-align: center;\"><iframe loading=\"lazy\" title=\"YouTube video player\" src=\"https:\/\/www.youtube.com\/embed\/EmYDWt5tzGM?si=eCFR2TUiTMbOrM0B\" width=\"560\" height=\"315\" frameborder=\"0\" allowfullscreen=\"allowfullscreen\"><\/iframe><\/div>\n<div style=\"text-align: justify;\">\n<p>El <strong>Curso de Ingl\u00e9s A1<\/strong> est\u00e1 dise\u00f1ado para estudiantes que comienzan a aprender el idioma ingl\u00e9s. Este curso proporciona una introducci\u00f3n completa a las habilidades b\u00e1sicas de comunicaci\u00f3n en ingl\u00e9s, enfoc\u00e1ndose en el desarrollo de las competencias esenciales: hablar, escuchar, leer y escribir.<\/p>\n<p>Al finalizar el curso, los estudiantes ser\u00e1n capaces de entender y usar expresiones cotidianas, frases b\u00e1sicas y vocabulario para interactuar en situaciones simples y concretas, como presentarse, hablar sobre su familia, hobbies, trabajo y realizar compras.<\/p>\n<\/div>","protected":false},"featured_media":713,"comment_status":"open","ping_status":"closed","template":"","meta":[],"product_brand":[],"product_cat":[31],"product_tag":[],"class_list":{"0":"post-57","1":"product","2":"type-product","3":"status-publish","4":"has-post-thumbnail","6":"product_cat-cursos","8":"first","9":"instock","10":"sale","11":"purchasable","12":"product-type-simple"},"_links":{"self":[{"href":"https:\/\/educacioncontinua-americancollege.edu.ec\/en\/wp-json\/wp\/v2\/product\/57","targetHints":{"allow":["GET"]}}],"collection":[{"href":"https:\/\/educacioncontinua-americancollege.edu.ec\/en\/wp-json\/wp\/v2\/product"}],"about":[{"href":"https:\/\/educacioncontinua-americancollege.edu.ec\/en\/wp-json\/wp\/v2\/types\/product"}],"replies":[{"embeddable":true,"href":"https:\/\/educacioncontinua-americancollege.edu.ec\/en\/wp-json\/wp\/v2\/comments?post=57"}],"wp:featuredmedia":[{"embeddable":true,"href":"https:\/\/educacioncontinua-americancollege.edu.ec\/en\/wp-json\/wp\/v2\/media\/713"}],"wp:attachment":[{"href":"https:\/\/educacioncontinua-americancollege.edu.ec\/en\/wp-json\/wp\/v2\/media?parent=57"}],"wp:term":[{"taxonomy":"product_brand","embeddable":true,"href":"https:\/\/educacioncontinua-americancollege.edu.ec\/en\/wp-json\/wp\/v2\/product_brand?post=57"},{"taxonomy":"product_cat","embeddable":true,"href":"https:\/\/educacioncontinua-americancollege.edu.ec\/en\/wp-json\/wp\/v2\/product_cat?post=57"},{"taxonomy":"product_tag","embeddable":true,"href":"https:\/\/educacioncontinua-americancollege.edu.ec\/en\/wp-json\/wp\/v2\/product_tag?post=57"}],"curies":[{"name":"wp","href":"https:\/\/api.w.org\/{rel}","templated":true}]}}