{"id":162,"date":"2020-03-16T09:08:51","date_gmt":"2020-03-16T09:08:51","guid":{"rendered":"https:\/\/startersites.io\/blocksy\/modern-shop\/?post_type=product&#038;p=162"},"modified":"2026-02-02T11:16:45","modified_gmt":"2026-02-02T16:16:45","slug":"donec-ultrices-tincidunt-arcu-non-sodales","status":"publish","type":"product","link":"https:\/\/educacioncontinua-americancollege.edu.ec\/en\/product\/donec-ultrices-tincidunt-arcu-non-sodales\/","title":{"rendered":"Estrategias de Innovaci\u00f3n en la Docencia para la Educaci\u00f3n Superior"},"content":{"rendered":"<p>Capacitar a los docentes en el uso de estrategias innovadoras que promuevan un aprendizaje significativo, din\u00e1mico y adaptado a las nuevas demandas educativas en el contexto de la educaci\u00f3n superior.<\/p>\n<p><strong>\u00bfQu\u00e9 aprender\u00e1s en este curso?<\/strong><\/p>\n<ul>\n<li>Desarrollar competencias para la implementaci\u00f3n de metodolog\u00edas activas como el aprendizaje basado en problemas (ABP), el aprendizaje colaborativo y el flipped classroom.<\/li>\n<li>Incorporar nuevas tecnolog\u00edas y herramientas digitales en el aula de manera efectiva.<\/li>\n<li>Fomentar el pensamiento cr\u00edtico, la creatividad y la resoluci\u00f3n de problemas en los estudiantes.<\/li>\n<li>Dise\u00f1ar procesos de evaluaci\u00f3n innovadores que se alineen con las nuevas metodolog\u00edas de ense\u00f1anza.<\/li>\n<li>Potenciar la participaci\u00f3n y el compromiso de los estudiantes a trav\u00e9s de estrategias pedag\u00f3gicas creativas.<\/li>\n<\/ul>\n<p><strong>TEMARIO DEL CURSO<\/strong><\/p>\n<p>INTRODUCCI\u00d3N DEL APRENDIZAJE BASADO EN PROYECTOS\u00a0 |\u00a0 AULA INVERTIDA\u00a0 |\u00a0 GAMIFICACI\u00d3N\u00a0 |\u00a0 E-LEARNING<\/p>","protected":false},"excerpt":{"rendered":"<div style=\"text-align: center;\"><iframe loading=\"lazy\" title=\"YouTube video player\" src=\"https:\/\/www.youtube.com\/embed\/3BQU2Pdw3_Y?si=mXK7vYVV9TbBPULZ\" width=\"560\" height=\"315\" frameborder=\"0\" allowfullscreen=\"allowfullscreen\"><\/iframe><\/div>\n<div style=\"text-align: justify;\">\n<p>El curso de <strong>Estrategias de Innovaci\u00f3n en la Docencia para la Educaci\u00f3n Superior<\/strong> est\u00e1 dise\u00f1ado para proporcionar a los docentes herramientas innovadoras y enfoques pedag\u00f3gicos que potencien el proceso de ense\u00f1anza-aprendizaje en la educaci\u00f3n superior.<\/p>\n<p>En un contexto de constante transformaci\u00f3n tecnol\u00f3gica y educativa, los profesores necesitan adoptar estrategias creativas que permitan fomentar la participaci\u00f3n activa de los estudiantes, el pensamiento cr\u00edtico y la integraci\u00f3n de nuevas tecnolog\u00edas en el aula.<\/p>\n<p>A lo largo de este curso, los docentes podr\u00e1n actualizarse en tendencias educativas, metodolog\u00edas activas y t\u00e9cnicas de evaluaci\u00f3n que mejoren el rendimiento acad\u00e9mico y la experiencia educativa.<\/p>\n<\/div>","protected":false},"featured_media":711,"comment_status":"open","ping_status":"closed","template":"","meta":[],"product_brand":[],"product_cat":[31],"product_tag":[],"class_list":{"0":"post-162","1":"product","2":"type-product","3":"status-publish","4":"has-post-thumbnail","6":"product_cat-cursos","8":"first","9":"instock","10":"sale","11":"purchasable","12":"product-type-simple"},"_links":{"self":[{"href":"https:\/\/educacioncontinua-americancollege.edu.ec\/en\/wp-json\/wp\/v2\/product\/162","targetHints":{"allow":["GET"]}}],"collection":[{"href":"https:\/\/educacioncontinua-americancollege.edu.ec\/en\/wp-json\/wp\/v2\/product"}],"about":[{"href":"https:\/\/educacioncontinua-americancollege.edu.ec\/en\/wp-json\/wp\/v2\/types\/product"}],"replies":[{"embeddable":true,"href":"https:\/\/educacioncontinua-americancollege.edu.ec\/en\/wp-json\/wp\/v2\/comments?post=162"}],"wp:featuredmedia":[{"embeddable":true,"href":"https:\/\/educacioncontinua-americancollege.edu.ec\/en\/wp-json\/wp\/v2\/media\/711"}],"wp:attachment":[{"href":"https:\/\/educacioncontinua-americancollege.edu.ec\/en\/wp-json\/wp\/v2\/media?parent=162"}],"wp:term":[{"taxonomy":"product_brand","embeddable":true,"href":"https:\/\/educacioncontinua-americancollege.edu.ec\/en\/wp-json\/wp\/v2\/product_brand?post=162"},{"taxonomy":"product_cat","embeddable":true,"href":"https:\/\/educacioncontinua-americancollege.edu.ec\/en\/wp-json\/wp\/v2\/product_cat?post=162"},{"taxonomy":"product_tag","embeddable":true,"href":"https:\/\/educacioncontinua-americancollege.edu.ec\/en\/wp-json\/wp\/v2\/product_tag?post=162"}],"curies":[{"name":"wp","href":"https:\/\/api.w.org\/{rel}","templated":true}]}}